{"id":93,"date":"2024-03-26T14:41:03","date_gmt":"2024-03-26T13:41:03","guid":{"rendered":"https:\/\/jdcp96.wordpress.com\/deroule\/"},"modified":"2024-06-03T10:58:24","modified_gmt":"2024-06-03T08:58:24","slug":"deroule","status":"publish","type":"page","link":"https:\/\/jdcpvo.com\/index.php\/deroule\/","title":{"rendered":"Informations"},"content":{"rendered":"\n<figure class=\"wp-block-embed is-type-video is-provider-youtube wp-block-embed-youtube wp-embed-aspect-16-9 wp-has-aspect-ratio\"><div class=\"wp-block-embed__wrapper\">\n<iframe title=\"Le pr\u00e9sident du CDEVO vous informe sur la JDCPVO\" width=\"500\" height=\"281\" src=\"https:\/\/www.youtube.com\/embed\/6-DHHWgqGJQ?feature=oembed\" frameborder=\"0\" allow=\"accelerometer; autoplay; clipboard-write; encrypted-media; gyroscope; picture-in-picture; web-share\" referrerpolicy=\"strict-origin-when-cross-origin\" allowfullscreen><\/iframe>\n<\/div><\/figure>\n\n\n\n<div class=\"wp-block-group is-layout-constrained wp-block-group-is-layout-constrained\">\n<h2 class=\"wp-block-heading has-large-font-size\">Qu&rsquo;est-ce que la JDCPVO ?<\/h2>\n\n\n\n<div class=\"wp-block-group is-layout-constrained wp-block-group-is-layout-constrained\">\n<!--more-->\n\n\n\n<p>La Journ\u00e9e D\u00e9partementale du Cheval et du Poney est une journ\u00e9e tout public visant \u00e0 promouvoir les diff\u00e9rentes activit\u00e9s \u00e9questres au sein du Val d&rsquo;Oise et de pr\u00e9senter la diversit\u00e9 dans le Val d&rsquo;Oise, sa proximit\u00e9 des zones urbaines mais aussi sa ruralit\u00e9. L&rsquo;objectif pour nous est de f\u00e9d\u00e9rer nos clubs aupr\u00e8s d&rsquo;un large public. Tout cela se fera \u00e0 travers des pr\u00e9sentations diverses, des initiations \u00e0 chevals et \u00e0 poneys ainsi que des spectacles.<\/p>\n\n\n\n<p>La JDCPVO c&rsquo;est une vingtaine d&rsquo;activit\u00e9s, des exposants dans le monde du cheval et ailleurs, des milliers de visiteurs das un cadre verdoyant plongeant dans l&rsquo;univers \u00e9questre.<\/p>\n<\/div>\n<\/div>\n\n\n\n<div style=\"height:100px\" aria-hidden=\"true\" class=\"wp-block-spacer\"><\/div>\n\n\n\n<p><strong>Plan de l\u2019hyppodrome<\/strong><\/p>\n\n\n\n<div class=\"wp-block-media-text alignwide is-stacked-on-mobile is-vertically-aligned-center\" style=\"grid-template-columns:44% auto\"><figure class=\"wp-block-media-text__media\"><img fetchpriority=\"high\" decoding=\"async\" width=\"997\" height=\"1024\" src=\"https:\/\/jdcpvo.com\/wp-content\/uploads\/2024\/05\/Programme-JDCPVO-997x1024.jpg\" alt=\"\" class=\"wp-image-1386 size-full\" srcset=\"https:\/\/jdcpvo.com\/wp-content\/uploads\/2024\/05\/Programme-JDCPVO-997x1024.jpg 997w, https:\/\/jdcpvo.com\/wp-content\/uploads\/2024\/05\/Programme-JDCPVO-292x300.jpg 292w, https:\/\/jdcpvo.com\/wp-content\/uploads\/2024\/05\/Programme-JDCPVO-768x789.jpg 768w, https:\/\/jdcpvo.com\/wp-content\/uploads\/2024\/05\/Programme-JDCPVO.jpg 1170w\" sizes=\"(max-width: 997px) 100vw, 997px\" \/><\/figure><div class=\"wp-block-media-text__content\">\n<div class=\"wp-block-file aligncenter\"><a id=\"wp-block-file--media-b3cbbe32-f1fe-4019-8f32-83bbe59e37ef\" href=\"http:\/\/jdcpvo.com\/wp-content\/uploads\/2024\/04\/plan-des-ateliers-2024mthis.jpg\">plan-des-ateliers-2024JDCPVO<\/a><a href=\"http:\/\/jdcpvo.com\/wp-content\/uploads\/2024\/04\/plan-des-ateliers-2024mthis.jpg\" class=\"wp-block-file__button wp-element-button\" download aria-describedby=\"wp-block-file--media-b3cbbe32-f1fe-4019-8f32-83bbe59e37ef\">T\u00e9l\u00e9charger<\/a><\/div>\n\n\n\n<p><\/p>\n<\/div><\/div>\n\n\n\n<p><strong>Acc\u00e8s au parc des expositions<\/strong> :<\/p>\n\n\n\n<ul class=\"wp-block-list\">\n<li>Hippodrome d&rsquo;Enghien-Soisy Place Andr\u00e9 Foulon 95230 Soisy-sous-montmorency<\/li>\n\n\n\n<li>En train &#8211; SNCF Transilien Gare du Nord, Ligne H, Arr\u00eat : Champ de courses d&rsquo;Enghien <\/li>\n\n\n\n<li>En Bus &#8211; Lignes : 1510, 1512, 1514, Arr\u00eat : Champ de courses d&rsquo;Enghien <\/li>\n\n\n\n<li>En voiture &#8211; Autoroute A15, direction Cergy Pontoise Sortie 3, D170 Montmorency<\/li>\n\n\n\n<li>Parking : 1500 places<\/li>\n<\/ul>\n\n\n\n<div class=\"wp-block-jetpack-map\" data-map-style=\"default\" data-map-details=\"true\" data-points=\"[{&quot;placeTitle&quot;:&quot;Eaubonne, France&quot;,&quot;title&quot;:&quot;Eaubonne, France&quot;,&quot;caption&quot;:&quot;Eaubonne, France&quot;,&quot;coordinates&quot;:{&quot;longitude&quot;:2.2786911,&quot;latitude&quot;:48.9911383},&quot;id&quot;:&quot;Eaubonne, France 48.99 2.28&quot;}]\" data-zoom=\"13\" data-map-center=\"{&quot;lat&quot;:48.99115977489694,&quot;lng&quot;:2.278691100000003}\" data-marker-color=\"red\" data-show-fullscreen-button=\"true\"><ul><li><a href=\"https:\/\/www.google.com\/maps\/search\/?api=1&amp;query=48.9911383,2.2786911\">Eaubonne, France<\/a><\/li><\/ul><\/div>\n\n\n\n<p>Programme<\/p>\n\n\n\n<ul class=\"wp-block-list\">\n<li><a href=\"https:\/\/jdcp96.wordpress.com\/2024\/03\/12\/teamwork-triumphs\/\">Des animations pour tous<\/a><\/li>\n<\/ul>\n\n\n\n<ul class=\"wp-block-list\">\n<li><a href=\"https:\/\/jdcp96.wordpress.com\/2024\/03\/12\/adaptive-advantage\/\">Nos exposants<\/a><\/li>\n\n\n\n<li><a href=\"https:\/\/jdcp96.wordpress.com\/2024\/03\/12\/the-art-of-connection\/\">D\u00e9couverte des diff\u00e9rents m\u00e9tiers du cheval<\/a><\/li>\n<\/ul>\n\n\n\n<p><\/p>\n\n\n\n<p>Dressage \/ Para \/ Longes \/Rennes de 9h \u00e0 18h<\/p>\n\n\n\n<p>Concours de Saut d&rsquo;Obstacles \/ Hunter de 9h \u00e0 18h<\/p>\n\n\n\n<p>Equifun de 9h \u00e0 18h<\/p>\n\n\n\n<p>Equifeel de 10h \u00e0 13h<\/p>\n\n\n\n<p>Attelage de 9h \u00e0 12h30 et de 14h \u00e0 16h<\/p>\n\n\n\n<p>Ride and Run de 11h \u00e0 12h<\/p>\n\n\n\n<p>Tir \u00e0 l&rsquo;arc de 11h \u00e0 16h<\/p>\n\n\n\n<p>TREC de 13h \u00e0 17h<\/p>\n\n\n\n<p>Western de 10h \u00e0 17h<\/p>\n\n\n\n<p><\/p>\n\n\n","protected":false},"excerpt":{"rendered":"<p>Qu&rsquo;est-ce que la JDCPVO ?<\/p>\n","protected":false},"author":1,"featured_media":0,"parent":0,"menu_order":0,"comment_status":"closed","ping_status":"closed","template":"","meta":{"footnotes":""},"class_list":["post-93","page","type-page","status-publish","hentry"],"mfb_rest_fields":["gutenberg_elementor_mode"],"_links":{"self":[{"href":"https:\/\/jdcpvo.com\/index.php\/wp-json\/wp\/v2\/pages\/93","targetHints":{"allow":["GET"]}}],"collection":[{"href":"https:\/\/jdcpvo.com\/index.php\/wp-json\/wp\/v2\/pages"}],"about":[{"href":"https:\/\/jdcpvo.com\/index.php\/wp-json\/wp\/v2\/types\/page"}],"author":[{"embeddable":true,"href":"https:\/\/jdcpvo.com\/index.php\/wp-json\/wp\/v2\/users\/1"}],"replies":[{"embeddable":true,"href":"https:\/\/jdcpvo.com\/index.php\/wp-json\/wp\/v2\/comments?post=93"}],"version-history":[{"count":27,"href":"https:\/\/jdcpvo.com\/index.php\/wp-json\/wp\/v2\/pages\/93\/revisions"}],"predecessor-version":[{"id":1701,"href":"https:\/\/jdcpvo.com\/index.php\/wp-json\/wp\/v2\/pages\/93\/revisions\/1701"}],"wp:attachment":[{"href":"https:\/\/jdcpvo.com\/index.php\/wp-json\/wp\/v2\/media?parent=93"}],"curies":[{"name":"wp","href":"https:\/\/api.w.org\/{rel}","templated":true}]}}